{"id":2337,"date":"2022-01-16T16:39:06","date_gmt":"2022-01-16T19:39:06","guid":{"rendered":"https:\/\/g3projetos.com.br\/?page_id=2337"},"modified":"2022-01-19T08:47:34","modified_gmt":"2022-01-19T11:47:34","slug":"inicio","status":"publish","type":"page","link":"https:\/\/g3projetos.com.br\/","title":{"rendered":"Inicio"},"content":{"rendered":"\t\t<div data-elementor-type=\"wp-page\" data-elementor-id=\"2337\" class=\"elementor elementor-2337\" data-elementor-settings=\"[]\">\n\t\t\t\t\t\t\t<div class=\"elementor-section-wrap\">\n\t\t\t\t\t\t\t<section class=\"elementor-section elementor-top-section elementor-element elementor-element-5698f7f elementor-section-height-min-height elementor-section-boxed elementor-section-height-default elementor-section-items-middle\" data-id=\"5698f7f\" data-element_type=\"section\">\n\t\t\t\t\t\t<div class=\"elementor-container elementor-column-gap-default\">\n\t\t\t\t\t<div class=\"elementor-column elementor-col-50 elementor-top-column elementor-element elementor-element-8587f6c\" data-id=\"8587f6c\" data-element_type=\"column\">\n\t\t\t<div class=\"elementor-widget-wrap elementor-element-populated\">\n\t\t\t\t\t\t\t\t<div class=\"elementor-element elementor-element-b58dd77 elementor-widget elementor-widget-image\" data-id=\"b58dd77\" data-element_type=\"widget\" data-widget_type=\"image.default\">\n\t\t\t\t<div class=\"elementor-widget-container\">\n\t\t\t\t\t\t\t\t\t\t\t\t\t\t\t<img loading=\"lazy\" decoding=\"async\" width=\"200\" height=\"70\" src=\"https:\/\/g3projetos.com.br\/wp-content\/uploads\/2021\/03\/LOGO-G3-01.png\" class=\"attachment-large size-large\" alt=\"\" \/>\t\t\t\t\t\t\t\t\t\t\t\t\t\t\t<\/div>\n\t\t\t\t<\/div>\n\t\t\t\t\t<\/div>\n\t\t<\/div>\n\t\t\t\t<div class=\"elementor-column elementor-col-50 elementor-top-column elementor-element elementor-element-2897149\" data-id=\"2897149\" data-element_type=\"column\">\n\t\t\t<div class=\"elementor-widget-wrap elementor-element-populated\">\n\t\t\t\t\t\t\t\t<div class=\"elementor-element elementor-element-63e245d elementor-icon-list--layout-inline elementor-align-center elementor-list-item-link-full_width elementor-widget elementor-widget-icon-list\" data-id=\"63e245d\" data-element_type=\"widget\" data-widget_type=\"icon-list.default\">\n\t\t\t\t<div class=\"elementor-widget-container\">\n\t\t\t\t\t<ul class=\"elementor-icon-list-items elementor-inline-items\">\n\t\t\t\t\t\t\t<li class=\"elementor-icon-list-item elementor-inline-item\">\n\t\t\t\t\t\t\t\t\t\t<span class=\"elementor-icon-list-text\">Home<\/span>\n\t\t\t\t\t\t\t\t\t<\/li>\n\t\t\t\t\t\t\t\t<li class=\"elementor-icon-list-item elementor-inline-item\">\n\t\t\t\t\t\t\t\t\t\t<span class=\"elementor-icon-list-text\">Contato<\/span>\n\t\t\t\t\t\t\t\t\t<\/li>\n\t\t\t\t\t\t<\/ul>\n\t\t\t\t<\/div>\n\t\t\t\t<\/div>\n\t\t\t\t\t<\/div>\n\t\t<\/div>\n\t\t\t\t\t\t\t<\/div>\n\t\t<\/section>\n\t\t\t\t<section class=\"elementor-section elementor-top-section elementor-element elementor-element-b5b7cc0 elementor-section-height-min-height elementor-section-boxed elementor-section-height-default elementor-section-items-middle\" data-id=\"b5b7cc0\" data-element_type=\"section\" data-settings=\"{&quot;background_background&quot;:&quot;classic&quot;}\">\n\t\t\t\t\t\t<div class=\"elementor-container elementor-column-gap-default\">\n\t\t\t\t\t<div class=\"elementor-column elementor-col-100 elementor-top-column elementor-element elementor-element-4b4e777\" data-id=\"4b4e777\" data-element_type=\"column\">\n\t\t\t<div class=\"elementor-widget-wrap elementor-element-populated\">\n\t\t\t\t\t\t\t\t<section class=\"elementor-section elementor-inner-section elementor-element elementor-element-c689c01 elementor-section-boxed elementor-section-height-default elementor-section-height-default\" data-id=\"c689c01\" data-element_type=\"section\">\n\t\t\t\t\t\t<div class=\"elementor-container elementor-column-gap-default\">\n\t\t\t\t\t<div class=\"elementor-column elementor-col-33 elementor-inner-column elementor-element elementor-element-6e7387e\" data-id=\"6e7387e\" data-element_type=\"column\">\n\t\t\t<div class=\"elementor-widget-wrap elementor-element-populated\">\n\t\t\t\t\t\t\t\t<div class=\"elementor-element elementor-element-8768adc animated-slow elementor-invisible elementor-widget elementor-widget-image\" data-id=\"8768adc\" data-element_type=\"widget\" data-settings=\"{&quot;_animation&quot;:&quot;fadeInUp&quot;,&quot;_animation_delay&quot;:300}\" data-widget_type=\"image.default\">\n\t\t\t\t<div class=\"elementor-widget-container\">\n\t\t\t\t\t\t\t\t\t\t\t\t\t\t\t<img loading=\"lazy\" decoding=\"async\" width=\"1010\" height=\"1010\" src=\"https:\/\/g3projetos.com.br\/wp-content\/uploads\/2022\/01\/011-1024x1024.png\" class=\"attachment-large size-large\" alt=\"\" srcset=\"https:\/\/g3projetos.com.br\/wp-content\/uploads\/2022\/01\/011-1024x1024.png 1024w, https:\/\/g3projetos.com.br\/wp-content\/uploads\/2022\/01\/011-300x300.png 300w, https:\/\/g3projetos.com.br\/wp-content\/uploads\/2022\/01\/011-150x150.png 150w, https:\/\/g3projetos.com.br\/wp-content\/uploads\/2022\/01\/011-768x768.png 768w, https:\/\/g3projetos.com.br\/wp-content\/uploads\/2022\/01\/011-800x800.png 800w, https:\/\/g3projetos.com.br\/wp-content\/uploads\/2022\/01\/011-700x700.png 700w, https:\/\/g3projetos.com.br\/wp-content\/uploads\/2022\/01\/011-100x100.png 100w, https:\/\/g3projetos.com.br\/wp-content\/uploads\/2022\/01\/011.png 1080w\" sizes=\"auto, (max-width: 1010px) 100vw, 1010px\" \/>\t\t\t\t\t\t\t\t\t\t\t\t\t\t\t<\/div>\n\t\t\t\t<\/div>\n\t\t\t\t\t<\/div>\n\t\t<\/div>\n\t\t\t\t<div class=\"elementor-column elementor-col-33 elementor-inner-column elementor-element elementor-element-ba37aa9\" data-id=\"ba37aa9\" data-element_type=\"column\">\n\t\t\t<div class=\"elementor-widget-wrap elementor-element-populated\">\n\t\t\t\t\t\t\t\t<div class=\"elementor-element elementor-element-7ccd9f3 animated-slow elementor-invisible elementor-widget elementor-widget-image\" data-id=\"7ccd9f3\" data-element_type=\"widget\" data-settings=\"{&quot;_animation&quot;:&quot;fadeInUp&quot;,&quot;_animation_delay&quot;:600}\" data-widget_type=\"image.default\">\n\t\t\t\t<div class=\"elementor-widget-container\">\n\t\t\t\t\t\t\t\t\t\t\t\t\t\t\t<img loading=\"lazy\" decoding=\"async\" width=\"1010\" height=\"1010\" src=\"https:\/\/g3projetos.com.br\/wp-content\/uploads\/2022\/01\/02-1024x1024.png\" class=\"attachment-large size-large\" alt=\"\" srcset=\"https:\/\/g3projetos.com.br\/wp-content\/uploads\/2022\/01\/02-1024x1024.png 1024w, https:\/\/g3projetos.com.br\/wp-content\/uploads\/2022\/01\/02-300x300.png 300w, https:\/\/g3projetos.com.br\/wp-content\/uploads\/2022\/01\/02-150x150.png 150w, https:\/\/g3projetos.com.br\/wp-content\/uploads\/2022\/01\/02-768x768.png 768w, https:\/\/g3projetos.com.br\/wp-content\/uploads\/2022\/01\/02-800x800.png 800w, https:\/\/g3projetos.com.br\/wp-content\/uploads\/2022\/01\/02-700x700.png 700w, https:\/\/g3projetos.com.br\/wp-content\/uploads\/2022\/01\/02-100x100.png 100w, https:\/\/g3projetos.com.br\/wp-content\/uploads\/2022\/01\/02.png 1080w\" sizes=\"auto, (max-width: 1010px) 100vw, 1010px\" \/>\t\t\t\t\t\t\t\t\t\t\t\t\t\t\t<\/div>\n\t\t\t\t<\/div>\n\t\t\t\t\t<\/div>\n\t\t<\/div>\n\t\t\t\t<div class=\"elementor-column elementor-col-33 elementor-inner-column elementor-element elementor-element-807a95f\" data-id=\"807a95f\" data-element_type=\"column\">\n\t\t\t<div class=\"elementor-widget-wrap elementor-element-populated\">\n\t\t\t\t\t\t\t\t<div class=\"elementor-element elementor-element-d40a1e5 animated-slow elementor-invisible elementor-widget elementor-widget-image\" data-id=\"d40a1e5\" data-element_type=\"widget\" data-settings=\"{&quot;_animation&quot;:&quot;fadeInUp&quot;,&quot;_animation_delay&quot;:900}\" data-widget_type=\"image.default\">\n\t\t\t\t<div class=\"elementor-widget-container\">\n\t\t\t\t\t\t\t\t\t\t\t\t\t\t\t<img loading=\"lazy\" decoding=\"async\" width=\"1010\" height=\"1010\" src=\"https:\/\/g3projetos.com.br\/wp-content\/uploads\/2022\/01\/03-1024x1024.png\" class=\"attachment-large size-large\" alt=\"\" srcset=\"https:\/\/g3projetos.com.br\/wp-content\/uploads\/2022\/01\/03-1024x1024.png 1024w, https:\/\/g3projetos.com.br\/wp-content\/uploads\/2022\/01\/03-300x300.png 300w, https:\/\/g3projetos.com.br\/wp-content\/uploads\/2022\/01\/03-150x150.png 150w, https:\/\/g3projetos.com.br\/wp-content\/uploads\/2022\/01\/03-768x768.png 768w, https:\/\/g3projetos.com.br\/wp-content\/uploads\/2022\/01\/03-800x800.png 800w, https:\/\/g3projetos.com.br\/wp-content\/uploads\/2022\/01\/03-700x700.png 700w, https:\/\/g3projetos.com.br\/wp-content\/uploads\/2022\/01\/03-100x100.png 100w, https:\/\/g3projetos.com.br\/wp-content\/uploads\/2022\/01\/03.png 1080w\" sizes=\"auto, (max-width: 1010px) 100vw, 1010px\" \/>\t\t\t\t\t\t\t\t\t\t\t\t\t\t\t<\/div>\n\t\t\t\t<\/div>\n\t\t\t\t\t<\/div>\n\t\t<\/div>\n\t\t\t\t\t\t\t<\/div>\n\t\t<\/section>\n\t\t\t\t<div class=\"elementor-element elementor-element-0e23c92 animated-slow elementor-invisible elementor-widget elementor-widget-heading\" data-id=\"0e23c92\" data-element_type=\"widget\" data-settings=\"{&quot;_animation&quot;:&quot;fadeInUp&quot;,&quot;_animation_delay&quot;:1200}\" data-widget_type=\"heading.default\">\n\t\t\t\t<div class=\"elementor-widget-container\">\n\t\t\t<h2 class=\"elementor-heading-title elementor-size-default\">Campanha G3 Projetos \/ BrDU<\/h2>\t\t<\/div>\n\t\t\t\t<\/div>\n\t\t\t\t<div class=\"elementor-element elementor-element-5ef4c97 elementor-align-center animated-slow elementor-invisible elementor-widget elementor-widget-button\" data-id=\"5ef4c97\" data-element_type=\"widget\" data-settings=\"{&quot;_animation&quot;:&quot;fadeInUp&quot;,&quot;_animation_delay&quot;:1500}\" data-widget_type=\"button.default\">\n\t\t\t\t<div class=\"elementor-widget-container\">\n\t\t\t\t\t<div class=\"elementor-button-wrapper\">\n\t\t\t<a href=\"#\" class=\"elementor-button-link elementor-button elementor-size-xs\" role=\"button\">\n\t\t\t\t\t\t<span class=\"elementor-button-content-wrapper\">\n\t\t\t\t\t\t<span class=\"elementor-button-text\">Saiba Mais<\/span>\n\t\t<\/span>\n\t\t\t\t\t<\/a>\n\t\t<\/div>\n\t\t\t\t<\/div>\n\t\t\t\t<\/div>\n\t\t\t\t\t<\/div>\n\t\t<\/div>\n\t\t\t\t\t\t\t<\/div>\n\t\t<\/section>\n\t\t\t\t<section class=\"elementor-section elementor-top-section elementor-element elementor-element-7ea06ba elementor-section-height-min-height elementor-section-boxed elementor-section-height-default elementor-section-items-middle\" data-id=\"7ea06ba\" data-element_type=\"section\" data-settings=\"{&quot;background_background&quot;:&quot;gradient&quot;,&quot;shape_divider_top&quot;:&quot;waves&quot;}\">\n\t\t\t\t\t<div class=\"elementor-shape elementor-shape-top\" data-negative=\"false\">\n\t\t\t<svg xmlns=\"http:\/\/www.w3.org\/2000\/svg\" viewBox=\"0 0 1000 100\" preserveAspectRatio=\"none\">\n\t<path class=\"elementor-shape-fill\" d=\"M421.9,6.5c22.6-2.5,51.5,0.4,75.5,5.3c23.6,4.9,70.9,23.5,100.5,35.7c75.8,32.2,133.7,44.5,192.6,49.7\n\tc23.6,2.1,48.7,3.5,103.4-2.5c54.7-6,106.2-25.6,106.2-25.6V0H0v30.3c0,0,72,32.6,158.4,30.5c39.2-0.7,92.8-6.7,134-22.4\n\tc21.2-8.1,52.2-18.2,79.7-24.2C399.3,7.9,411.6,7.5,421.9,6.5z\"\/>\n<\/svg>\t\t<\/div>\n\t\t\t\t\t<div class=\"elementor-container elementor-column-gap-default\">\n\t\t\t\t\t<div class=\"elementor-column elementor-col-25 elementor-top-column elementor-element elementor-element-d3c1eb2\" data-id=\"d3c1eb2\" data-element_type=\"column\">\n\t\t\t<div class=\"elementor-widget-wrap elementor-element-populated\">\n\t\t\t\t\t\t\t\t<div class=\"elementor-element elementor-element-3ed8b5b elementor-view-default elementor-invisible elementor-widget elementor-widget-icon\" data-id=\"3ed8b5b\" data-element_type=\"widget\" data-settings=\"{&quot;_animation&quot;:&quot;fadeInUp&quot;}\" data-widget_type=\"icon.default\">\n\t\t\t\t<div class=\"elementor-widget-container\">\n\t\t\t\t\t<div class=\"elementor-icon-wrapper\">\n\t\t\t<div class=\"elementor-icon\">\n\t\t\t<i aria-hidden=\"true\" class=\"fas fa-handshake\"><\/i>\t\t\t<\/div>\n\t\t<\/div>\n\t\t\t\t<\/div>\n\t\t\t\t<\/div>\n\t\t\t\t<div class=\"elementor-element elementor-element-dab48ed elementor-invisible elementor-widget elementor-widget-text-editor\" data-id=\"dab48ed\" data-element_type=\"widget\" data-settings=\"{&quot;_animation&quot;:&quot;fadeInUp&quot;}\" data-widget_type=\"text-editor.default\">\n\t\t\t\t<div class=\"elementor-widget-container\">\n\t\t\t\t\t\t\t<p>A <strong>G3 Projetos<\/strong> pensando em seus clientes fez uma parceria com a <strong>BrDU Urbanismo<\/strong>. <\/p>\t\t\t\t\t\t<\/div>\n\t\t\t\t<\/div>\n\t\t\t\t\t<\/div>\n\t\t<\/div>\n\t\t\t\t<div class=\"elementor-column elementor-col-25 elementor-top-column elementor-element elementor-element-f64b2c1\" data-id=\"f64b2c1\" data-element_type=\"column\">\n\t\t\t<div class=\"elementor-widget-wrap elementor-element-populated\">\n\t\t\t\t\t\t\t\t<div class=\"elementor-element elementor-element-01c2706 elementor-view-default elementor-invisible elementor-widget elementor-widget-icon\" data-id=\"01c2706\" data-element_type=\"widget\" data-settings=\"{&quot;_animation&quot;:&quot;fadeInUp&quot;}\" data-widget_type=\"icon.default\">\n\t\t\t\t<div class=\"elementor-widget-container\">\n\t\t\t\t\t<div class=\"elementor-icon-wrapper\">\n\t\t\t<div class=\"elementor-icon\">\n\t\t\t<i aria-hidden=\"true\" class=\"fas fa-bullhorn\"><\/i>\t\t\t<\/div>\n\t\t<\/div>\n\t\t\t\t<\/div>\n\t\t\t\t<\/div>\n\t\t\t\t<div class=\"elementor-element elementor-element-f7126fc elementor-invisible elementor-widget elementor-widget-text-editor\" data-id=\"f7126fc\" data-element_type=\"widget\" data-settings=\"{&quot;_animation&quot;:&quot;fadeInUp&quot;}\" data-widget_type=\"text-editor.default\">\n\t\t\t\t<div class=\"elementor-widget-container\">\n\t\t\t\t\t\t\t<p>Clientes da <strong>G3 Projetos<\/strong> que comprarem uma unidade nos empreendimentos BrDU ganhar\u00e1 um <strong>desconto de 2%.<\/strong><\/p>\t\t\t\t\t\t<\/div>\n\t\t\t\t<\/div>\n\t\t\t\t\t<\/div>\n\t\t<\/div>\n\t\t\t\t<div class=\"elementor-column elementor-col-25 elementor-top-column elementor-element elementor-element-54d4d05\" data-id=\"54d4d05\" data-element_type=\"column\">\n\t\t\t<div class=\"elementor-widget-wrap elementor-element-populated\">\n\t\t\t\t\t\t\t\t<div class=\"elementor-element elementor-element-442ef1f elementor-view-default elementor-invisible elementor-widget elementor-widget-icon\" data-id=\"442ef1f\" data-element_type=\"widget\" data-settings=\"{&quot;_animation&quot;:&quot;fadeInUp&quot;}\" data-widget_type=\"icon.default\">\n\t\t\t\t<div class=\"elementor-widget-container\">\n\t\t\t\t\t<div class=\"elementor-icon-wrapper\">\n\t\t\t<div class=\"elementor-icon\">\n\t\t\t<i aria-hidden=\"true\" class=\"fas fa-map-marker-alt\"><\/i>\t\t\t<\/div>\n\t\t<\/div>\n\t\t\t\t<\/div>\n\t\t\t\t<\/div>\n\t\t\t\t<div class=\"elementor-element elementor-element-48e6d00 elementor-invisible elementor-widget elementor-widget-text-editor\" data-id=\"48e6d00\" data-element_type=\"widget\" data-settings=\"{&quot;_animation&quot;:&quot;fadeInUp&quot;}\" data-widget_type=\"text-editor.default\">\n\t\t\t\t<div class=\"elementor-widget-container\">\n\t\t\t\t\t\t\t<p>Os empreendimentos BrDU est\u00e3o localizados nas cidades de: Cuiab\u00e1, V\u00e1rzea Grande, Rondon\u00f3polis e Tangar\u00e1 da Serra.<\/p>\t\t\t\t\t\t<\/div>\n\t\t\t\t<\/div>\n\t\t\t\t\t<\/div>\n\t\t<\/div>\n\t\t\t\t<div class=\"elementor-column elementor-col-25 elementor-top-column elementor-element elementor-element-3d8c7e1\" data-id=\"3d8c7e1\" data-element_type=\"column\">\n\t\t\t<div class=\"elementor-widget-wrap elementor-element-populated\">\n\t\t\t\t\t\t\t\t<div class=\"elementor-element elementor-element-3dedcc0 elementor-view-default elementor-invisible elementor-widget elementor-widget-icon\" data-id=\"3dedcc0\" data-element_type=\"widget\" data-settings=\"{&quot;_animation&quot;:&quot;fadeInUp&quot;}\" data-widget_type=\"icon.default\">\n\t\t\t\t<div class=\"elementor-widget-container\">\n\t\t\t\t\t<div class=\"elementor-icon-wrapper\">\n\t\t\t<div class=\"elementor-icon\">\n\t\t\t<i aria-hidden=\"true\" class=\"far fa-calendar-alt\"><\/i>\t\t\t<\/div>\n\t\t<\/div>\n\t\t\t\t<\/div>\n\t\t\t\t<\/div>\n\t\t\t\t<div class=\"elementor-element elementor-element-ef1b07b elementor-invisible elementor-widget elementor-widget-text-editor\" data-id=\"ef1b07b\" data-element_type=\"widget\" data-settings=\"{&quot;_animation&quot;:&quot;fadeInUp&quot;}\" data-widget_type=\"text-editor.default\">\n\t\t\t\t<div class=\"elementor-widget-container\">\n\t\t\t\t\t\t\t<p>Esse desconto \u00e9 v\u00e1lido para compras realizadas at\u00e9 o dia <strong>30 de Mar\u00e7o 2022<\/strong>.<\/p>\t\t\t\t\t\t<\/div>\n\t\t\t\t<\/div>\n\t\t\t\t\t<\/div>\n\t\t<\/div>\n\t\t\t\t\t\t\t<\/div>\n\t\t<\/section>\n\t\t\t\t<section class=\"elementor-section elementor-top-section elementor-element elementor-element-54ebc4a elementor-section-boxed elementor-section-height-default elementor-section-height-default\" data-id=\"54ebc4a\" data-element_type=\"section\" data-settings=\"{&quot;background_background&quot;:&quot;gradient&quot;}\">\n\t\t\t\t\t\t<div class=\"elementor-container elementor-column-gap-default\">\n\t\t\t\t\t<div class=\"elementor-column elementor-col-100 elementor-top-column elementor-element elementor-element-47e299d\" data-id=\"47e299d\" data-element_type=\"column\" data-settings=\"{&quot;background_background&quot;:&quot;classic&quot;}\">\n\t\t\t<div class=\"elementor-widget-wrap elementor-element-populated\">\n\t\t\t\t\t\t\t\t<div class=\"elementor-element elementor-element-2ec3916 elementor-align-center elementor-invisible elementor-widget elementor-widget-button\" data-id=\"2ec3916\" data-element_type=\"widget\" data-settings=\"{&quot;_animation&quot;:&quot;fadeInUp&quot;}\" data-widget_type=\"button.default\">\n\t\t\t\t<div class=\"elementor-widget-container\">\n\t\t\t\t\t<div class=\"elementor-button-wrapper\">\n\t\t\t<a href=\"#\" class=\"elementor-button-link elementor-button elementor-size-lg\" role=\"button\">\n\t\t\t\t\t\t<span class=\"elementor-button-content-wrapper\">\n\t\t\t\t\t\t<span class=\"elementor-button-text\">PREENCHA OS CAMPOS COM OS SEUS DADOS E ENTRAREMOS EM CONTATO<\/span>\n\t\t<\/span>\n\t\t\t\t\t<\/a>\n\t\t<\/div>\n\t\t\t\t<\/div>\n\t\t\t\t<\/div>\n\t\t\t\t\t<\/div>\n\t\t<\/div>\n\t\t\t\t\t\t\t<\/div>\n\t\t<\/section>\n\t\t\t\t<section class=\"elementor-section elementor-top-section elementor-element elementor-element-d5ef9d6 elementor-section-boxed elementor-section-height-default elementor-section-height-default\" data-id=\"d5ef9d6\" data-element_type=\"section\">\n\t\t\t\t\t\t<div class=\"elementor-container elementor-column-gap-default\">\n\t\t\t\t\t<div class=\"elementor-column elementor-col-100 elementor-top-column elementor-element elementor-element-713e929\" data-id=\"713e929\" data-element_type=\"column\">\n\t\t\t<div class=\"elementor-widget-wrap elementor-element-populated\">\n\t\t\t\t\t\t\t\t<div class=\"elementor-element elementor-element-515f31e elementor-invisible elementor-widget elementor-widget-html\" data-id=\"515f31e\" data-element_type=\"widget\" data-settings=\"{&quot;_animation&quot;:&quot;fadeInUp&quot;}\" data-widget_type=\"html.default\">\n\t\t\t\t<div class=\"elementor-widget-container\">\n\t\t\t\n\t\t\t\t\t<script>\n\t\t\t\t\t\thbspt.enqueueForm({\n\t\t\t\t\t\t\tportalId: 21281068,\n\t\t\t\t\t\t\tformId: \"f3c3b1d8-0986-4573-b523-31a49010baab\",\n\t\t\t\t\t\t\ttarget: \"#hbspt-form-1777716452000-1410773173\",\n\t\t\t\t\t\t\tshortcode: \"wp\",\n\t\t\t\t\t\t\tregion: \"na1\",\n\t\t\t\t\t\t\t\n\t\t\t\t\t\t});\n\t\t\t\t\t<\/script>\n\t\t\t\t\t<div class=\"hbspt-form\" id=\"hbspt-form-1777716452000-1410773173\"><\/div>\t\t<\/div>\n\t\t\t\t<\/div>\n\t\t\t\t\t<\/div>\n\t\t<\/div>\n\t\t\t\t\t\t\t<\/div>\n\t\t<\/section>\n\t\t\t\t\t\t<\/div>\n\t\t\t\t\t<\/div>\n\t\t","protected":false},"excerpt":{"rendered":"<p>Home Contato Campanha G3 Projetos \/ BrDU Saiba Mais A G3 Projetos pensando em seus clientes fez uma parceria com a BrDU Urbanismo. Clientes da G3 Projetos que comprarem uma unidade nos empreendimentos BrDU ganhar\u00e1 um desconto de 2%. Os empreendimentos BrDU est\u00e3o localizados nas cidades de: Cuiab\u00e1, V\u00e1rzea Grande, Rondon\u00f3polis e Tangar\u00e1 da Serra&#8230;.<\/p>\n","protected":false},"author":1,"featured_media":0,"parent":0,"menu_order":0,"comment_status":"closed","ping_status":"closed","template":"elementor_canvas","meta":{"_eb_attr":"","_kad_post_transparent":"","_kad_post_title":"hide","_kad_post_layout":"fullwidth","_kad_post_sidebar_id":"","_kad_post_content_style":"unboxed","_kad_post_vertical_padding":"hide","_kad_post_feature":"hide","_kad_post_feature_position":"","_kad_post_header":false,"_kad_post_footer":false,"_kad_post_classname":"","footnotes":""},"class_list":["post-2337","page","type-page","status-publish","hentry"],"yoast_head":"<!-- This site is optimized with the Yoast SEO plugin v17.9 - https:\/\/yoast.com\/wordpress\/plugins\/seo\/ -->\n<title>Inicio - G3 Projetos<\/title>\n<meta name=\"robots\" content=\"index, follow, max-snippet:-1, max-image-preview:large, max-video-preview:-1\" \/>\n<link rel=\"canonical\" href=\"https:\/\/g3projetos.com.br\/\" \/>\n<meta property=\"og:locale\" content=\"pt_BR\" \/>\n<meta property=\"og:type\" content=\"article\" \/>\n<meta property=\"og:title\" content=\"Inicio - G3 Projetos\" \/>\n<meta property=\"og:description\" content=\"Home Contato Campanha G3 Projetos \/ BrDU Saiba Mais A G3 Projetos pensando em seus clientes fez uma parceria com a BrDU Urbanismo. Clientes da G3 Projetos que comprarem uma unidade nos empreendimentos BrDU ganhar\u00e1 um desconto de 2%. Os empreendimentos BrDU est\u00e3o localizados nas cidades de: Cuiab\u00e1, V\u00e1rzea Grande, Rondon\u00f3polis e Tangar\u00e1 da Serra....\" \/>\n<meta property=\"og:url\" content=\"https:\/\/g3projetos.com.br\/\" \/>\n<meta property=\"og:site_name\" content=\"G3 Projetos\" \/>\n<meta property=\"article:modified_time\" content=\"2022-01-19T11:47:34+00:00\" \/>\n<meta property=\"og:image\" content=\"https:\/\/g3projetos.com.br\/wp-content\/uploads\/2021\/03\/LOGO-G3-01.png\" \/>\n<meta name=\"twitter:card\" content=\"summary_large_image\" \/>\n<meta name=\"twitter:label1\" content=\"Est. tempo de leitura\" \/>\n\t<meta name=\"twitter:data1\" content=\"2 minutos\" \/>\n<script type=\"application\/ld+json\" class=\"yoast-schema-graph\">{\"@context\":\"https:\/\/schema.org\",\"@graph\":[{\"@type\":\"WebSite\",\"@id\":\"https:\/\/g3projetos.com.br\/#website\",\"url\":\"https:\/\/g3projetos.com.br\/\",\"name\":\"G3 Projetos\",\"description\":\"No campo ou na cidade contribuindo com o fomento dos neg\\u00f3cios.\",\"potentialAction\":[{\"@type\":\"SearchAction\",\"target\":{\"@type\":\"EntryPoint\",\"urlTemplate\":\"https:\/\/g3projetos.com.br\/?s={search_term_string}\"},\"query-input\":\"required name=search_term_string\"}],\"inLanguage\":\"pt-BR\"},{\"@type\":\"ImageObject\",\"@id\":\"https:\/\/g3projetos.com.br\/#primaryimage\",\"inLanguage\":\"pt-BR\",\"url\":\"https:\/\/g3projetos.com.br\/wp-content\/uploads\/2021\/03\/LOGO-G3-01.png\",\"contentUrl\":\"https:\/\/g3projetos.com.br\/wp-content\/uploads\/2021\/03\/LOGO-G3-01.png\",\"width\":200,\"height\":70},{\"@type\":\"WebPage\",\"@id\":\"https:\/\/g3projetos.com.br\/#webpage\",\"url\":\"https:\/\/g3projetos.com.br\/\",\"name\":\"Inicio - G3 Projetos\",\"isPartOf\":{\"@id\":\"https:\/\/g3projetos.com.br\/#website\"},\"primaryImageOfPage\":{\"@id\":\"https:\/\/g3projetos.com.br\/#primaryimage\"},\"datePublished\":\"2022-01-16T19:39:06+00:00\",\"dateModified\":\"2022-01-19T11:47:34+00:00\",\"breadcrumb\":{\"@id\":\"https:\/\/g3projetos.com.br\/#breadcrumb\"},\"inLanguage\":\"pt-BR\",\"potentialAction\":[{\"@type\":\"ReadAction\",\"target\":[\"https:\/\/g3projetos.com.br\/\"]}]},{\"@type\":\"BreadcrumbList\",\"@id\":\"https:\/\/g3projetos.com.br\/#breadcrumb\",\"itemListElement\":[{\"@type\":\"ListItem\",\"position\":1,\"name\":\"In\\u00edcio\",\"item\":\"https:\/\/g3projetos.com.br\/\"},{\"@type\":\"ListItem\",\"position\":2,\"name\":\"Inicio\"}]}]}<\/script>\n<!-- \/ Yoast SEO plugin. -->","yoast_head_json":{"title":"Inicio - G3 Projetos","robots":{"index":"index","follow":"follow","max-snippet":"max-snippet:-1","max-image-preview":"max-image-preview:large","max-video-preview":"max-video-preview:-1"},"canonical":"https:\/\/g3projetos.com.br\/","og_locale":"pt_BR","og_type":"article","og_title":"Inicio - G3 Projetos","og_description":"Home Contato Campanha G3 Projetos \/ BrDU Saiba Mais A G3 Projetos pensando em seus clientes fez uma parceria com a BrDU Urbanismo. Clientes da G3 Projetos que comprarem uma unidade nos empreendimentos BrDU ganhar\u00e1 um desconto de 2%. Os empreendimentos BrDU est\u00e3o localizados nas cidades de: Cuiab\u00e1, V\u00e1rzea Grande, Rondon\u00f3polis e Tangar\u00e1 da Serra....","og_url":"https:\/\/g3projetos.com.br\/","og_site_name":"G3 Projetos","article_modified_time":"2022-01-19T11:47:34+00:00","og_image":[{"url":"https:\/\/g3projetos.com.br\/wp-content\/uploads\/2021\/03\/LOGO-G3-01.png"}],"twitter_card":"summary_large_image","twitter_misc":{"Est. tempo de leitura":"2 minutos"},"schema":{"@context":"https:\/\/schema.org","@graph":[{"@type":"WebSite","@id":"https:\/\/g3projetos.com.br\/#website","url":"https:\/\/g3projetos.com.br\/","name":"G3 Projetos","description":"No campo ou na cidade contribuindo com o fomento dos neg\u00f3cios.","potentialAction":[{"@type":"SearchAction","target":{"@type":"EntryPoint","urlTemplate":"https:\/\/g3projetos.com.br\/?s={search_term_string}"},"query-input":"required name=search_term_string"}],"inLanguage":"pt-BR"},{"@type":"ImageObject","@id":"https:\/\/g3projetos.com.br\/#primaryimage","inLanguage":"pt-BR","url":"https:\/\/g3projetos.com.br\/wp-content\/uploads\/2021\/03\/LOGO-G3-01.png","contentUrl":"https:\/\/g3projetos.com.br\/wp-content\/uploads\/2021\/03\/LOGO-G3-01.png","width":200,"height":70},{"@type":"WebPage","@id":"https:\/\/g3projetos.com.br\/#webpage","url":"https:\/\/g3projetos.com.br\/","name":"Inicio - G3 Projetos","isPartOf":{"@id":"https:\/\/g3projetos.com.br\/#website"},"primaryImageOfPage":{"@id":"https:\/\/g3projetos.com.br\/#primaryimage"},"datePublished":"2022-01-16T19:39:06+00:00","dateModified":"2022-01-19T11:47:34+00:00","breadcrumb":{"@id":"https:\/\/g3projetos.com.br\/#breadcrumb"},"inLanguage":"pt-BR","potentialAction":[{"@type":"ReadAction","target":["https:\/\/g3projetos.com.br\/"]}]},{"@type":"BreadcrumbList","@id":"https:\/\/g3projetos.com.br\/#breadcrumb","itemListElement":[{"@type":"ListItem","position":1,"name":"In\u00edcio","item":"https:\/\/g3projetos.com.br\/"},{"@type":"ListItem","position":2,"name":"Inicio"}]}]}},"_links":{"self":[{"href":"https:\/\/g3projetos.com.br\/index.php?rest_route=\/wp\/v2\/pages\/2337","targetHints":{"allow":["GET"]}}],"collection":[{"href":"https:\/\/g3projetos.com.br\/index.php?rest_route=\/wp\/v2\/pages"}],"about":[{"href":"https:\/\/g3projetos.com.br\/index.php?rest_route=\/wp\/v2\/types\/page"}],"author":[{"embeddable":true,"href":"https:\/\/g3projetos.com.br\/index.php?rest_route=\/wp\/v2\/users\/1"}],"replies":[{"embeddable":true,"href":"https:\/\/g3projetos.com.br\/index.php?rest_route=%2Fwp%2Fv2%2Fcomments&post=2337"}],"version-history":[{"count":73,"href":"https:\/\/g3projetos.com.br\/index.php?rest_route=\/wp\/v2\/pages\/2337\/revisions"}],"predecessor-version":[{"id":2428,"href":"https:\/\/g3projetos.com.br\/index.php?rest_route=\/wp\/v2\/pages\/2337\/revisions\/2428"}],"wp:attachment":[{"href":"https:\/\/g3projetos.com.br\/index.php?rest_route=%2Fwp%2Fv2%2Fmedia&parent=2337"}],"curies":[{"name":"wp","href":"https:\/\/api.w.org\/{rel}","templated":true}]}}